{"id":15969,"date":"2026-04-06T05:53:10","date_gmt":"2026-04-06T04:53:10","guid":{"rendered":"https:\/\/grillcentrum.shop\/gree\/produkt\/trampolina-ogrodowa-dla-dzieci-374cm-12ft-drabinka-siatka-wewnetrzna\/"},"modified":"2026-04-11T02:22:32","modified_gmt":"2026-04-11T01:22:32","slug":"trampolina-ogrodowa-dla-dzieci-374cm-12ft-drabinka-siatka-wewnetrzna","status":"publish","type":"product","link":"https:\/\/plantqor.shop\/grill\/produkt\/trampolina-ogrodowa-dla-dzieci-374cm-12ft-drabinka-siatka-wewnetrzna\/","title":{"rendered":"Trampolina ogrodowa dla dzieci 374cm 12ft + DRABINKA SIATKA WEWN\u0118TRZNA"},"content":{"rendered":"<div style=\"font-family: Arial, sans-serif; line-height: 1.6; color: #333; padding: 20px; clear: both; display: block; width: 100%; float: none; position: static; overflow: hidden;\">\n<div style=\"clear: both; display: block; margin: 10px 0;\">\n<div style=\"clear: both; display: block; margin: 10px 0;\">\n<div style=\"clear: both; display: block; margin: 10px 0;\">\n<div  style=\"max-width:2500px;max-height:2500px\">\n<div style=\"clear: both; display: block; margin: 10px 0;\">\n<div style=\"clear: both; width: 100%; display: block; margin: 20px 0; padding: 0; float: none; position: static; text-align: center;\"><img decoding=\"async\"  src=\"https:\/\/a.allegroimg.com\/original\/112e3c\/89750b564e3a9c23b5e796965cc9\/Trampolina-ogrodowa-dla-dzieci-374cm-12ft-DRABINKA-SIATKA-WEWNETRZNA\" srcset=\"https:\/\/a.allegroimg.com\/original\/112e3c\/89750b564e3a9c23b5e796965cc9\/Trampolina-ogrodowa-dla-dzieci-374cm-12ft-DRABINKA-SIATKA-WEWNETRZNA 360w,https:\/\/a.allegroimg.com\/original\/112e3c\/89750b564e3a9c23b5e796965cc9\/Trampolina-ogrodowa-dla-dzieci-374cm-12ft-DRABINKA-SIATKA-WEWNETRZNA 720w,https:\/\/a.allegroimg.com\/original\/112e3c\/89750b564e3a9c23b5e796965cc9\/Trampolina-ogrodowa-dla-dzieci-374cm-12ft-DRABINKA-SIATKA-WEWNETRZNA 1024w,https:\/\/a.allegroimg.com\/original\/112e3c\/89750b564e3a9c23b5e796965cc9\/Trampolina-ogrodowa-dla-dzieci-374cm-12ft-DRABINKA-SIATKA-WEWNETRZNA 1440w,https:\/\/a.allegroimg.com\/original\/112e3c\/89750b564e3a9c23b5e796965cc9\/Trampolina-ogrodowa-dla-dzieci-374cm-12ft-DRABINKA-SIATKA-WEWNETRZNA 2500w\" sizes=\"(min-width: 1200px) 560px, (min-width: 992px) 50vw, 100vw\" width=\"2500px\" alt=\"Trampolina ogrodowa dla dzieci 374cm 12ft + DRABINKA SIATKA WEWN\u0118TRZNA\" style=\"max-width: 100%; height: auto; display: block; margin: 0 auto;\"><\/div>\n<\/div>\n<\/div>\n<\/div>\n<\/div>\n<div style=\"clear: both; display: block; margin: 10px 0;\">\n<div style=\"clear: both; display: block; margin: 10px 0;\">\n<h1>Trampolina ogrodowa 374 cm (12 ft)<\/h1>\n<h2>W sk\u0142ad zestawu wchodzi:<\/h2>\n<ul style=\"margin: 15px 0; padding-left: 20px; clear: both; display: block; width: 100%; float: none; position: static;\">\n<li style=\"margin: 5px 0; padding: 2px 0; clear: both; display: list-item; float: none; position: static;\">trampolina 374 cm (12 ft) na&nbsp;<b>4 podw\u00f3jnych nogach<\/b>,<\/li>\n<li style=\"margin: 5px 0; padding: 2px 0; clear: both; display: list-item; float: none; position: static;\">metalowa drabinka z szerokimi stopniami<\/li>\n<li style=\"margin: 5px 0; padding: 2px 0; clear: both; display: list-item; float: none; position: static;\">siatka wewn\u0119trzna (zabezpieczaj\u0105ca) &#8211; zapinana na zamek b\u0142yskawiczny<\/li>\n<li style=\"margin: 5px 0; padding: 2px 0; clear: both; display: list-item; float: none; position: static;\">8 s\u0142upk\u00f3w zabezpieczonych piank\u0105<\/li>\n<\/ul>\n<\/div>\n<\/div>\n<\/div>\n<div style=\"clear: both; display: block; margin: 10px 0;\">\n<div style=\"clear: both; display: block; margin: 10px 0;\">\n<div style=\"clear: both; display: block; margin: 10px 0;\">\n<h2>G\u0142\u00f3wne cechy:<\/h2>\n<ol>\n<li style=\"margin: 5px 0; padding: 2px 0; clear: both; display: list-item; float: none; position: static;\"><b>Nak\u0142adki na s\u0142upki<\/b>&nbsp;zapewniaj\u0105 szybki monta\u017c siatki zabezpieczaj\u0105cej<\/li>\n<li style=\"margin: 5px 0; padding: 2px 0; clear: both; display: list-item; float: none; position: static;\"><b>Siatka zabezpieczaj\u0105ca<\/b>&nbsp;wewn\u0119trzna, zszywana w g\u00f3rnej cz\u0119\u015bci dla wzmocnienia<\/li>\n<li style=\"margin: 5px 0; padding: 2px 0; clear: both; display: list-item; float: none; position: static;\"><b>S\u0142upki metalowe<\/b>, pokryte mi\u0119kk\u0105 piank\u0105 zabezpieczaj\u0105c\u0105<\/li>\n<li style=\"margin: 5px 0; padding: 2px 0; clear: both; display: list-item; float: none; position: static;\"><b>Wej\u015bcie do trampoliny<\/b>&nbsp;zamykane na zamek b\u0142yskawiczny oraz klamr\u0119<\/li>\n<li style=\"margin: 5px 0; padding: 2px 0; clear: both; display: list-item; float: none; position: static;\"><b>Wytrzyma\u0142a mata<\/b>&nbsp;(batut) &#8211; wodoodporna, elastyczna, 8-krotnie zszywana<\/li>\n<li style=\"margin: 5px 0; padding: 2px 0; clear: both; display: list-item; float: none; position: static;\"><b>Spr\u0119\u017cyny ocynkowane<\/b>, galwanizowane, zabezpieczone <b>ko\u0142nierzem<\/b>&nbsp;wype\u0142nionym piank\u0105<\/li>\n<li style=\"margin: 5px 0; padding: 2px 0; clear: both; display: list-item; float: none; position: static;\"><b>Podw\u00f3jne, stabilne nogi<\/b>&nbsp;w kszta\u0142cie litery U<\/li>\n<li style=\"margin: 5px 0; padding: 2px 0; clear: both; display: list-item; float: none; position: static;\"><b>Optymalna wysoko\u015b\u0107<\/b>&nbsp;od pod\u0142o\u017ca dla maksymalnego bezpiecze\u0144stwa skok\u00f3w<\/li>\n<\/ol>\n<\/div>\n<\/div>\n<div style=\"clear: both; display: block; margin: 10px 0;\">\n<div style=\"clear: both; display: block; margin: 10px 0;\">\n<div  style=\"max-width:2500px;max-height:2500px\">\n<div style=\"clear: both; display: block; margin: 10px 0;\">\n<div style=\"clear: both; width: 100%; display: block; margin: 20px 0; padding: 0; float: none; position: static; text-align: center;\"><img decoding=\"async\"  src=\"https:\/\/a.allegroimg.com\/original\/11bf2a\/a3b3b2ad43d19658e740fd8685a8\/Trampolina-ogrodowa-dla-dzieci-374cm-12ft-DRABINKA-SIATKA-WEWNETRZNA-Kod-producenta-NS-12W181\" srcset=\"https:\/\/a.allegroimg.com\/original\/11bf2a\/a3b3b2ad43d19658e740fd8685a8\/Trampolina-ogrodowa-dla-dzieci-374cm-12ft-DRABINKA-SIATKA-WEWNETRZNA-Kod-producenta-NS-12W181 360w,https:\/\/a.allegroimg.com\/original\/11bf2a\/a3b3b2ad43d19658e740fd8685a8\/Trampolina-ogrodowa-dla-dzieci-374cm-12ft-DRABINKA-SIATKA-WEWNETRZNA-Kod-producenta-NS-12W181 720w,https:\/\/a.allegroimg.com\/original\/11bf2a\/a3b3b2ad43d19658e740fd8685a8\/Trampolina-ogrodowa-dla-dzieci-374cm-12ft-DRABINKA-SIATKA-WEWNETRZNA-Kod-producenta-NS-12W181 1024w,https:\/\/a.allegroimg.com\/original\/11bf2a\/a3b3b2ad43d19658e740fd8685a8\/Trampolina-ogrodowa-dla-dzieci-374cm-12ft-DRABINKA-SIATKA-WEWNETRZNA-Kod-producenta-NS-12W181 1440w,https:\/\/a.allegroimg.com\/original\/11bf2a\/a3b3b2ad43d19658e740fd8685a8\/Trampolina-ogrodowa-dla-dzieci-374cm-12ft-DRABINKA-SIATKA-WEWNETRZNA-Kod-producenta-NS-12W181 2500w\" sizes=\"(min-width: 1200px) 560px, (min-width: 992px) 50vw, 100vw\" width=\"2500px\" alt=\"Trampolina ogrodowa dla dzieci 374cm 12ft + DRABINKA SIATKA WEWN\u0118TRZNA Kod producenta NS-12W181\" style=\"max-width: 100%; height: auto; display: block; margin: 0 auto;\"><\/div>\n<\/div>\n<\/div>\n<\/div>\n<\/div>\n<\/div>\n<div style=\"clear: both; display: block; margin: 10px 0;\">\n<div style=\"clear: both; display: block; margin: 10px 0;\">\n<div style=\"clear: both; display: block; margin: 10px 0;\">\n<div  style=\"max-width:2500px;max-height:2500px\">\n<div style=\"clear: both; display: block; margin: 10px 0;\">\n<div style=\"clear: both; width: 100%; display: block; margin: 20px 0; padding: 0; float: none; position: static; text-align: center;\"><img decoding=\"async\"  src=\"https:\/\/a.allegroimg.com\/original\/110b6d\/6d8a9f244c838c8d8debdf30713e\/Trampolina-ogrodowa-dla-dzieci-374cm-12ft-DRABINKA-SIATKA-WEWNETRZNA-Wiek-dziecka-3-lata\" srcset=\"https:\/\/a.allegroimg.com\/original\/110b6d\/6d8a9f244c838c8d8debdf30713e\/Trampolina-ogrodowa-dla-dzieci-374cm-12ft-DRABINKA-SIATKA-WEWNETRZNA-Wiek-dziecka-3-lata 360w,https:\/\/a.allegroimg.com\/original\/110b6d\/6d8a9f244c838c8d8debdf30713e\/Trampolina-ogrodowa-dla-dzieci-374cm-12ft-DRABINKA-SIATKA-WEWNETRZNA-Wiek-dziecka-3-lata 720w,https:\/\/a.allegroimg.com\/original\/110b6d\/6d8a9f244c838c8d8debdf30713e\/Trampolina-ogrodowa-dla-dzieci-374cm-12ft-DRABINKA-SIATKA-WEWNETRZNA-Wiek-dziecka-3-lata 1024w,https:\/\/a.allegroimg.com\/original\/110b6d\/6d8a9f244c838c8d8debdf30713e\/Trampolina-ogrodowa-dla-dzieci-374cm-12ft-DRABINKA-SIATKA-WEWNETRZNA-Wiek-dziecka-3-lata 1440w,https:\/\/a.allegroimg.com\/original\/110b6d\/6d8a9f244c838c8d8debdf30713e\/Trampolina-ogrodowa-dla-dzieci-374cm-12ft-DRABINKA-SIATKA-WEWNETRZNA-Wiek-dziecka-3-lata 2500w\" sizes=\"(min-width: 1200px) 560px, (min-width: 992px) 50vw, 100vw\" width=\"2500px\" alt=\"Trampolina ogrodowa dla dzieci 374cm 12ft + DRABINKA SIATKA WEWN\u0118TRZNA Wiek dziecka 3 lata +\" style=\"max-width: 100%; height: auto; display: block; margin: 0 auto;\"><\/div>\n<\/div>\n<\/div>\n<\/div>\n<\/div>\n<div style=\"clear: both; display: block; margin: 10px 0;\">\n<div style=\"clear: both; display: block; margin: 10px 0;\">\n<h2>Dane techniczne:<\/h2>\n<ul style=\"margin: 15px 0; padding-left: 20px; clear: both; display: block; width: 100%; float: none; position: static;\">\n<li style=\"margin: 5px 0; padding: 2px 0; clear: both; display: list-item; float: none; position: static;\">\u015brednica (ze s\u0142upkami)&nbsp;<b>374 cm &#8211; 12 ft<\/b><\/li>\n<li style=\"margin: 5px 0; padding: 2px 0; clear: both; display: list-item; float: none; position: static;\">siatka&nbsp;<b>wewn\u0119trzna<\/b><\/li>\n<li style=\"margin: 5px 0; padding: 2px 0; clear: both; display: list-item; float: none; position: static;\">wys. trampoliny&nbsp;<b>70 cm<\/b><\/li>\n<li style=\"margin: 5px 0; padding: 2px 0; clear: both; display: list-item; float: none; position: static;\">wys. siatki&nbsp;<b>180 cm<\/b><\/li>\n<li style=\"margin: 5px 0; padding: 2px 0; clear: both; display: list-item; float: none; position: static;\">ilo\u015b\u0107 n\u00f3g&nbsp;<b>4 podw\u00f3jne<\/b>&nbsp;(kszta\u0142t U)<\/li>\n<li style=\"margin: 5px 0; padding: 2px 0; clear: both; display: list-item; float: none; position: static;\">ilo\u015b\u0107 s\u0142upk\u00f3w&nbsp;<b>8 szt.<\/b><\/li>\n<li style=\"margin: 5px 0; padding: 2px 0; clear: both; display: list-item; float: none; position: static;\">ilo\u015b\u0107 spr\u0119\u017cyn&nbsp;<b>64 szt.<\/b><\/li>\n<li style=\"margin: 5px 0; padding: 2px 0; clear: both; display: list-item; float: none; position: static;\">wszystkie elementy stela\u017ca <b>galwanizowane&nbsp;<\/b>wewn\u0105trz i na zewn\u0105trz<\/li>\n<li style=\"margin: 5px 0; padding: 2px 0; clear: both; display: list-item; float: none; position: static;\">drabinka&nbsp;<b>metalowa<\/b>,&nbsp;<b>2-stopniowa<\/b><\/li>\n<li style=\"margin: 5px 0; padding: 2px 0; clear: both; display: list-item; float: none; position: static;\">maksymalne obci\u0105\u017cenie&nbsp;<b>150 kg<\/b><\/li>\n<li style=\"margin: 5px 0; padding: 2px 0; clear: both; display: list-item; float: none; position: static;\">certyfikat <b>GS, EN71-1 &amp; EN71-2 &amp; EN71-3 &amp; EN71-14<\/b><\/li>\n<li style=\"margin: 5px 0; padding: 2px 0; clear: both; display: list-item; float: none; position: static;\">wymiary i waga karton\u00f3w (2 szt.): 150 x 50 x 18 cm &#8211; 29 kg \/ 110 x 40 x 20 cm &#8211; 27 kg<\/li>\n<li style=\"margin: 5px 0; padding: 2px 0; clear: both; display: list-item; float: none; position: static;\">w zestawie: trampolina ogrodowa,&nbsp;siatka zabezpieczaj\u0105ca,&nbsp;metalowa drabinka,&nbsp;instrukcja obs\u0142ugi<\/li>\n<\/ul>\n<\/div>\n<\/div>\n<\/div>\n<div style=\"clear: both; display: block; margin: 10px 0;\">\n<div style=\"clear: both; display: block; margin: 10px 0;\">\n<div style=\"clear: both; display: block; margin: 10px 0;\">\n<div  style=\"max-width:2500px;max-height:1500px\">\n<div style=\"clear: both; display: block; margin: 10px 0;\">\n<div style=\"clear: both; width: 100%; display: block; margin: 20px 0; padding: 0; float: none; position: static; text-align: center;\"><img decoding=\"async\"  src=\"https:\/\/a.allegroimg.com\/original\/11da6c\/a91cec744dd1a5f096f87a452d9a\/Trampolina-ogrodowa-dla-dzieci-374cm-12ft-DRABINKA-SIATKA-WEWNETRZNA-Wysokosc-siatki-180-cm\" srcset=\"https:\/\/a.allegroimg.com\/original\/11da6c\/a91cec744dd1a5f096f87a452d9a\/Trampolina-ogrodowa-dla-dzieci-374cm-12ft-DRABINKA-SIATKA-WEWNETRZNA-Wysokosc-siatki-180-cm 360w,https:\/\/a.allegroimg.com\/original\/11da6c\/a91cec744dd1a5f096f87a452d9a\/Trampolina-ogrodowa-dla-dzieci-374cm-12ft-DRABINKA-SIATKA-WEWNETRZNA-Wysokosc-siatki-180-cm 720w,https:\/\/a.allegroimg.com\/original\/11da6c\/a91cec744dd1a5f096f87a452d9a\/Trampolina-ogrodowa-dla-dzieci-374cm-12ft-DRABINKA-SIATKA-WEWNETRZNA-Wysokosc-siatki-180-cm 1024w,https:\/\/a.allegroimg.com\/original\/11da6c\/a91cec744dd1a5f096f87a452d9a\/Trampolina-ogrodowa-dla-dzieci-374cm-12ft-DRABINKA-SIATKA-WEWNETRZNA-Wysokosc-siatki-180-cm 1440w,https:\/\/a.allegroimg.com\/original\/11da6c\/a91cec744dd1a5f096f87a452d9a\/Trampolina-ogrodowa-dla-dzieci-374cm-12ft-DRABINKA-SIATKA-WEWNETRZNA-Wysokosc-siatki-180-cm 2500w\" sizes=\"100vw\" width=\"2500px\" alt=\"Trampolina ogrodowa dla dzieci 374cm 12ft + DRABINKA SIATKA WEWN\u0118TRZNA Wysoko\u015b\u0107 siatki 180 cm\" style=\"max-width: 100%; height: auto; display: block; margin: 0 auto;\"><\/div>\n<\/div>\n<\/div>\n<\/div>\n<\/div>\n<\/div>\n<div style=\"clear: both; display: block; margin: 10px 0;\">\n<div style=\"clear: both; display: block; margin: 10px 0;\">\n<div style=\"clear: both; display: block; margin: 10px 0;\">\n<div  style=\"max-width:2500px;max-height:2500px\">\n<div style=\"clear: both; display: block; margin: 10px 0;\">\n<div style=\"clear: both; width: 100%; display: block; margin: 20px 0; padding: 0; float: none; position: static; text-align: center;\"><img decoding=\"async\"  src=\"https:\/\/a.allegroimg.com\/original\/11ba3d\/091f7819423da79d81745062a1c4\/Trampolina-ogrodowa-dla-dzieci-374cm-12ft-DRABINKA-SIATKA-WEWNETRZNA-Rodzaj-z-siatka\" srcset=\"https:\/\/a.allegroimg.com\/original\/11ba3d\/091f7819423da79d81745062a1c4\/Trampolina-ogrodowa-dla-dzieci-374cm-12ft-DRABINKA-SIATKA-WEWNETRZNA-Rodzaj-z-siatka 360w,https:\/\/a.allegroimg.com\/original\/11ba3d\/091f7819423da79d81745062a1c4\/Trampolina-ogrodowa-dla-dzieci-374cm-12ft-DRABINKA-SIATKA-WEWNETRZNA-Rodzaj-z-siatka 720w,https:\/\/a.allegroimg.com\/original\/11ba3d\/091f7819423da79d81745062a1c4\/Trampolina-ogrodowa-dla-dzieci-374cm-12ft-DRABINKA-SIATKA-WEWNETRZNA-Rodzaj-z-siatka 1024w,https:\/\/a.allegroimg.com\/original\/11ba3d\/091f7819423da79d81745062a1c4\/Trampolina-ogrodowa-dla-dzieci-374cm-12ft-DRABINKA-SIATKA-WEWNETRZNA-Rodzaj-z-siatka 1440w,https:\/\/a.allegroimg.com\/original\/11ba3d\/091f7819423da79d81745062a1c4\/Trampolina-ogrodowa-dla-dzieci-374cm-12ft-DRABINKA-SIATKA-WEWNETRZNA-Rodzaj-z-siatka 2500w\" sizes=\"100vw\" width=\"2500px\" alt=\"Trampolina ogrodowa dla dzieci 374cm 12ft + DRABINKA SIATKA WEWN\u0118TRZNA Rodzaj z siatk\u0105\" style=\"max-width: 100%; height: auto; display: block; margin: 0 auto;\"><\/div>\n<\/div>\n<\/div>\n<\/div>\n<\/div>\n<\/div>\n<div style=\"clear: both; display: block; margin: 10px 0;\">\n<div style=\"clear: both; display: block; margin: 10px 0;\">\n<div style=\"clear: both; display: block; margin: 10px 0;\">\n<div  style=\"max-width:2500px;max-height:2500px\">\n<div style=\"clear: both; display: block; margin: 10px 0;\">\n<div style=\"clear: both; width: 100%; display: block; margin: 20px 0; padding: 0; float: none; position: static; text-align: center;\"><img decoding=\"async\"  src=\"https:\/\/a.allegroimg.com\/original\/110cc7\/7c70036c4f1abebddab83e9f4d27\/Trampolina-ogrodowa-dla-dzieci-374cm-12ft-DRABINKA-SIATKA-WEWNETRZNA-Liczba-sprezyn-lin-64\" srcset=\"https:\/\/a.allegroimg.com\/original\/110cc7\/7c70036c4f1abebddab83e9f4d27\/Trampolina-ogrodowa-dla-dzieci-374cm-12ft-DRABINKA-SIATKA-WEWNETRZNA-Liczba-sprezyn-lin-64 360w,https:\/\/a.allegroimg.com\/original\/110cc7\/7c70036c4f1abebddab83e9f4d27\/Trampolina-ogrodowa-dla-dzieci-374cm-12ft-DRABINKA-SIATKA-WEWNETRZNA-Liczba-sprezyn-lin-64 720w,https:\/\/a.allegroimg.com\/original\/110cc7\/7c70036c4f1abebddab83e9f4d27\/Trampolina-ogrodowa-dla-dzieci-374cm-12ft-DRABINKA-SIATKA-WEWNETRZNA-Liczba-sprezyn-lin-64 1024w,https:\/\/a.allegroimg.com\/original\/110cc7\/7c70036c4f1abebddab83e9f4d27\/Trampolina-ogrodowa-dla-dzieci-374cm-12ft-DRABINKA-SIATKA-WEWNETRZNA-Liczba-sprezyn-lin-64 1440w,https:\/\/a.allegroimg.com\/original\/110cc7\/7c70036c4f1abebddab83e9f4d27\/Trampolina-ogrodowa-dla-dzieci-374cm-12ft-DRABINKA-SIATKA-WEWNETRZNA-Liczba-sprezyn-lin-64 2500w\" sizes=\"100vw\" width=\"2500px\" alt=\"Trampolina ogrodowa dla dzieci 374cm 12ft + DRABINKA SIATKA WEWN\u0118TRZNA Liczba spr\u0119\u017cyn\/lin 64\" style=\"max-width: 100%; height: auto; display: block; margin: 0 auto;\"><\/div>\n<\/div>\n<\/div>\n<\/div>\n<\/div>\n<\/div>\n<div style=\"clear: both; display: block; margin: 10px 0;\">\n<div style=\"clear: both; display: block; margin: 10px 0;\">\n<div style=\"clear: both; display: block; margin: 10px 0;\">\n<div  style=\"max-width:2500px;max-height:2500px\">\n<div style=\"clear: both; display: block; margin: 10px 0;\">\n<div style=\"clear: both; width: 100%; display: block; margin: 20px 0; padding: 0; float: none; position: static; text-align: center;\"><img decoding=\"async\"  src=\"https:\/\/a.allegroimg.com\/original\/1194d4\/df410c564cc995feae8030054488\/Trampolina-ogrodowa-dla-dzieci-374cm-12ft-DRABINKA-SIATKA-WEWNETRZNA-Liczba-slupkow-8-szt\" srcset=\"https:\/\/a.allegroimg.com\/original\/1194d4\/df410c564cc995feae8030054488\/Trampolina-ogrodowa-dla-dzieci-374cm-12ft-DRABINKA-SIATKA-WEWNETRZNA-Liczba-slupkow-8-szt 360w,https:\/\/a.allegroimg.com\/original\/1194d4\/df410c564cc995feae8030054488\/Trampolina-ogrodowa-dla-dzieci-374cm-12ft-DRABINKA-SIATKA-WEWNETRZNA-Liczba-slupkow-8-szt 720w,https:\/\/a.allegroimg.com\/original\/1194d4\/df410c564cc995feae8030054488\/Trampolina-ogrodowa-dla-dzieci-374cm-12ft-DRABINKA-SIATKA-WEWNETRZNA-Liczba-slupkow-8-szt 1024w,https:\/\/a.allegroimg.com\/original\/1194d4\/df410c564cc995feae8030054488\/Trampolina-ogrodowa-dla-dzieci-374cm-12ft-DRABINKA-SIATKA-WEWNETRZNA-Liczba-slupkow-8-szt 1440w,https:\/\/a.allegroimg.com\/original\/1194d4\/df410c564cc995feae8030054488\/Trampolina-ogrodowa-dla-dzieci-374cm-12ft-DRABINKA-SIATKA-WEWNETRZNA-Liczba-slupkow-8-szt 2500w\" sizes=\"100vw\" width=\"2500px\" alt=\"Trampolina ogrodowa dla dzieci 374cm 12ft + DRABINKA SIATKA WEWN\u0118TRZNA Liczba s\u0142upk\u00f3w 8 szt.\" style=\"max-width: 100%; height: auto; display: block; margin: 0 auto;\"><\/div>\n<\/div>\n<\/div>\n<\/div>\n<\/div>\n<\/div>\n<div style=\"clear: both; display: block; margin: 10px 0;\">\n<div style=\"clear: both; display: block; margin: 10px 0;\">\n<div style=\"clear: both; display: block; margin: 10px 0;\">\n<div  style=\"max-width:2500px;max-height:1932px\">\n<div style=\"clear: both; display: block; margin: 10px 0;\">\n<div style=\"clear: both; width: 100%; display: block; margin: 20px 0; padding: 0; float: none; position: static; text-align: center;\"><img decoding=\"async\"  src=\"https:\/\/a.allegroimg.com\/original\/114fee\/9a65777348bfbe5a127941f6d87f\/Trampolina-ogrodowa-dla-dzieci-374cm-12ft-DRABINKA-SIATKA-WEWNETRZNA-Wysokosc-od-podloza-70-cm\" srcset=\"https:\/\/a.allegroimg.com\/original\/114fee\/9a65777348bfbe5a127941f6d87f\/Trampolina-ogrodowa-dla-dzieci-374cm-12ft-DRABINKA-SIATKA-WEWNETRZNA-Wysokosc-od-podloza-70-cm 360w,https:\/\/a.allegroimg.com\/original\/114fee\/9a65777348bfbe5a127941f6d87f\/Trampolina-ogrodowa-dla-dzieci-374cm-12ft-DRABINKA-SIATKA-WEWNETRZNA-Wysokosc-od-podloza-70-cm 720w,https:\/\/a.allegroimg.com\/original\/114fee\/9a65777348bfbe5a127941f6d87f\/Trampolina-ogrodowa-dla-dzieci-374cm-12ft-DRABINKA-SIATKA-WEWNETRZNA-Wysokosc-od-podloza-70-cm 1024w,https:\/\/a.allegroimg.com\/original\/114fee\/9a65777348bfbe5a127941f6d87f\/Trampolina-ogrodowa-dla-dzieci-374cm-12ft-DRABINKA-SIATKA-WEWNETRZNA-Wysokosc-od-podloza-70-cm 1440w,https:\/\/a.allegroimg.com\/original\/114fee\/9a65777348bfbe5a127941f6d87f\/Trampolina-ogrodowa-dla-dzieci-374cm-12ft-DRABINKA-SIATKA-WEWNETRZNA-Wysokosc-od-podloza-70-cm 2500w\" sizes=\"100vw\" width=\"2500px\" alt=\"Trampolina ogrodowa dla dzieci 374cm 12ft + DRABINKA SIATKA WEWN\u0118TRZNA Wysoko\u015b\u0107 od pod\u0142o\u017ca 70 cm\" style=\"max-width: 100%; height: auto; display: block; margin: 0 auto;\"><\/div>\n<\/div>\n<\/div>\n<\/div>\n<\/div>\n<\/div>\n<\/div>\n<\/div>\n<\/div>\n<div style=\"clear: both; display: block; margin: 10px 0;\">\n","protected":false},"excerpt":{"rendered":"<p>Trampolina ogrodowa 374 cm (12 ft)<\/p>\n<p>W sk\u0142ad zestawu wchodzi:<\/p>\n<p>trampolina 374 cm (12 ft) na&nbsp;4 podw\u00f3jnych nogach,<\/p>\n<p>metalowa drabinka z szerokimi stopniami<\/p>\n<p>siatka wewn\u0119trzna (zabezpieczaj\u0105ca) &#8211; zapinana na zamek b\u0142yskawiczny<\/p>\n<p>8 s\u0142upk\u00f3w zabezpieczonych piank\u0105<\/p>\n<p>G\u0142\u00f3wne cechy:<\/p>\n<p>Nak\u0142adki na s\u0142upki&nbsp;zapewniaj\u0105 szybki monta\u017c siatki zabezpieczaj\u0105cej<\/p>\n","protected":false},"featured_media":15970,"template":"","meta":{"_uag_custom_page_level_css":""},"product_brand":[915],"product_cat":[541,864,863,862],"product_tag":[],"class_list":{"0":"post-15969","1":"product","2":"type-product","3":"status-publish","4":"has-post-thumbnail","6":"product_brand-neo-sport","7":"product_cat-ogrod","8":"product_cat-trampoliny","9":"product_cat-trampoliny-i-akcesoria","10":"product_cat-zabawki-ogrodowe","12":"first","13":"instock","14":"sale","15":"shipping-taxable","16":"purchasable","17":"product-type-simple"},"uagb_featured_image_src":{"full":["https:\/\/plantqor.shop\/grill\/wp-content\/uploads\/2026\/04\/allegro-image-15969.jpg",2500,2500,false],"thumbnail":["https:\/\/plantqor.shop\/grill\/wp-content\/uploads\/2026\/04\/allegro-image-15969-150x150.jpg",150,150,true],"medium":["https:\/\/plantqor.shop\/grill\/wp-content\/uploads\/2026\/04\/allegro-image-15969-300x300.jpg",300,300,true],"medium_large":["https:\/\/plantqor.shop\/grill\/wp-content\/uploads\/2026\/04\/allegro-image-15969-768x768.jpg",768,768,true],"large":["https:\/\/plantqor.shop\/grill\/wp-content\/uploads\/2026\/04\/allegro-image-15969-1024x1024.jpg",1024,1024,true],"1536x1536":["https:\/\/plantqor.shop\/grill\/wp-content\/uploads\/2026\/04\/allegro-image-15969-1536x1536.jpg",1536,1536,true],"2048x2048":["https:\/\/plantqor.shop\/grill\/wp-content\/uploads\/2026\/04\/allegro-image-15969-2048x2048.jpg",2048,2048,true],"woocommerce_thumbnail":["https:\/\/plantqor.shop\/grill\/wp-content\/uploads\/2026\/04\/allegro-image-15969-300x300.jpg",300,300,true],"woocommerce_single":["https:\/\/plantqor.shop\/grill\/wp-content\/uploads\/2026\/04\/allegro-image-15969-600x600.jpg",600,600,true],"woocommerce_gallery_thumbnail":["https:\/\/plantqor.shop\/grill\/wp-content\/uploads\/2026\/04\/allegro-image-15969-100x100.jpg",100,100,true]},"uagb_author_info":{"display_name":"admin","author_link":"https:\/\/plantqor.shop\/grill\/author\/"},"uagb_comment_info":0,"uagb_excerpt":"Trampolina ogrodowa 374 cm (12 ft) W sk\u0142ad zestawu wchodzi: trampolina 374 cm (12 ft) na&nbsp;4 podw\u00f3jnych nogach, metalowa drabinka z szerokimi stopniami siatka wewn\u0119trzna (zabezpieczaj\u0105ca) - zapinana na zamek b\u0142yskawiczny 8 s\u0142upk\u00f3w zabezpieczonych piank\u0105 G\u0142\u00f3wne cechy: Nak\u0142adki na s\u0142upki&nbsp;zapewniaj\u0105 szybki monta\u017c siatki zabezpieczaj\u0105cej","_links":{"self":[{"href":"https:\/\/plantqor.shop\/grill\/wp-json\/wp\/v2\/product\/15969","targetHints":{"allow":["GET"]}}],"collection":[{"href":"https:\/\/plantqor.shop\/grill\/wp-json\/wp\/v2\/product"}],"about":[{"href":"https:\/\/plantqor.shop\/grill\/wp-json\/wp\/v2\/types\/product"}],"wp:featuredmedia":[{"embeddable":true,"href":"https:\/\/plantqor.shop\/grill\/wp-json\/wp\/v2\/media\/15970"}],"wp:attachment":[{"href":"https:\/\/plantqor.shop\/grill\/wp-json\/wp\/v2\/media?parent=15969"}],"wp:term":[{"taxonomy":"product_brand","embeddable":true,"href":"https:\/\/plantqor.shop\/grill\/wp-json\/wp\/v2\/product_brand?post=15969"},{"taxonomy":"product_cat","embeddable":true,"href":"https:\/\/plantqor.shop\/grill\/wp-json\/wp\/v2\/product_cat?post=15969"},{"taxonomy":"product_tag","embeddable":true,"href":"https:\/\/plantqor.shop\/grill\/wp-json\/wp\/v2\/product_tag?post=15969"}],"curies":[{"name":"wp","href":"https:\/\/api.w.org\/{rel}","templated":true}]}}